{"id":265,"date":"2025-08-11T09:56:38","date_gmt":"2025-08-11T06:56:38","guid":{"rendered":"https:\/\/cafeblue.gr\/tr\/?post_type=product&#038;p=265"},"modified":"2025-08-11T13:41:31","modified_gmt":"2025-08-11T10:41:31","slug":"ege-uzo-700-ml","status":"publish","type":"product","link":"https:\/\/cafeblue.gr\/tr\/product\/ege-uzo-700-ml\/","title":{"rendered":"Ege Uzo 700 ml"},"content":{"rendered":"<p>Zaman i\u00e7inde de\u011fi\u015fmeyen, k\u0131ymetli bir hazine gibi saklad\u0131\u011f\u0131m\u0131z ve sizi ke\u015ffetmeye davet etti\u011fimiz, her yudumda \u00f6zg\u00fcnl\u00fc\u011fe d\u00f6n\u00fc\u015f anlam\u0131na gelen bir tarif.<\/p>\n<p>A\u00e7\u0131lan her \u015fi\u015fe, Ege&#8217;nin sofran\u0131za esintisi gibi havay\u0131 anason, baharat ve tuzluluk aromalar\u0131yla dolduruyor.<\/p>\n","protected":false},"excerpt":{"rendered":"<p>Zaman i\u00e7inde de\u011fi\u015fmeyen, k\u0131ymetli bir hazine gibi saklad\u0131\u011f\u0131m\u0131z ve sizi ke\u015ffetmeye davet etti\u011fimiz, her yudumda \u00f6zg\u00fcnl\u00fc\u011fe d\u00f6n\u00fc\u015f anlam\u0131na gelen bir tarif. A\u00e7\u0131lan her \u015fi\u015fe, Ege&#8217;nin sofran\u0131za esintisi gibi havay\u0131 anason, baharat ve tuzluluk aromalar\u0131yla dolduruyor.<\/p>\n","protected":false},"featured_media":264,"comment_status":"open","ping_status":"closed","template":"","meta":[],"product_brand":[],"product_cat":[20],"product_tag":[],"class_list":{"0":"post-265","1":"product","2":"type-product","3":"status-publish","4":"has-post-thumbnail","6":"product_cat-uzo","7":"description-off","9":"first","10":"instock","11":"shipping-taxable","12":"product-type-simple"},"yoast_head":"<!-- This site is optimized with the Yoast SEO plugin v27.3 - https:\/\/yoast.com\/product\/yoast-seo-wordpress\/ -->\n<title>Ege Uzo 700 ml -<\/title>\n<meta name=\"robots\" content=\"index, follow, max-snippet:-1, max-image-preview:large, max-video-preview:-1\" \/>\n<link rel=\"canonical\" href=\"https:\/\/cafeblue.gr\/tr\/product\/ege-uzo-700-ml\/\" \/>\n<meta property=\"og:locale\" content=\"el_GR\" \/>\n<meta property=\"og:type\" content=\"article\" \/>\n<meta property=\"og:title\" content=\"Ege Uzo 700 ml -\" \/>\n<meta property=\"og:description\" content=\"Zaman i\u00e7inde de\u011fi\u015fmeyen, k\u0131ymetli bir hazine gibi saklad\u0131\u011f\u0131m\u0131z ve sizi ke\u015ffetmeye davet etti\u011fimiz, her yudumda \u00f6zg\u00fcnl\u00fc\u011fe d\u00f6n\u00fc\u015f anlam\u0131na gelen bir tarif. A\u00e7\u0131lan her \u015fi\u015fe, Ege&#8217;nin sofran\u0131za esintisi gibi havay\u0131 anason, baharat ve tuzluluk aromalar\u0131yla dolduruyor.\" \/>\n<meta property=\"og:url\" content=\"https:\/\/cafeblue.gr\/tr\/product\/ege-uzo-700-ml\/\" \/>\n<meta property=\"article:modified_time\" content=\"2025-08-11T10:41:31+00:00\" \/>\n<meta property=\"og:image\" content=\"https:\/\/cafeblue.gr\/tr\/wp-content\/uploads\/2025\/08\/2.jpg\" \/>\n\t<meta property=\"og:image:width\" content=\"900\" \/>\n\t<meta property=\"og:image:height\" content=\"900\" \/>\n\t<meta property=\"og:image:type\" content=\"image\/jpeg\" \/>\n<meta name=\"twitter:card\" content=\"summary_large_image\" \/>\n<meta name=\"twitter:label1\" content=\"\u0395\u03ba\u03c4\u03b9\u03bc\u03ce\u03bc\u03b5\u03bd\u03bf\u03c2 \u03c7\u03c1\u03cc\u03bd\u03bf\u03c2 \u03b1\u03bd\u03ac\u03b3\u03bd\u03c9\u03c3\u03b7\u03c2\" \/>\n\t<meta name=\"twitter:data1\" content=\"1 \u03bb\u03b5\u03c0\u03c4\u03cc\" \/>\n<script type=\"application\/ld+json\" class=\"yoast-schema-graph\">{\"@context\":\"https:\\\/\\\/schema.org\",\"@graph\":[{\"@type\":\"WebPage\",\"@id\":\"https:\\\/\\\/cafeblue.gr\\\/tr\\\/product\\\/ege-uzo-700-ml\\\/\",\"url\":\"https:\\\/\\\/cafeblue.gr\\\/tr\\\/product\\\/ege-uzo-700-ml\\\/\",\"name\":\"Ege Uzo 700 ml -\",\"isPartOf\":{\"@id\":\"https:\\\/\\\/cafeblue.gr\\\/tr\\\/#website\"},\"primaryImageOfPage\":{\"@id\":\"https:\\\/\\\/cafeblue.gr\\\/tr\\\/product\\\/ege-uzo-700-ml\\\/#primaryimage\"},\"image\":{\"@id\":\"https:\\\/\\\/cafeblue.gr\\\/tr\\\/product\\\/ege-uzo-700-ml\\\/#primaryimage\"},\"thumbnailUrl\":\"https:\\\/\\\/cafeblue.gr\\\/tr\\\/wp-content\\\/uploads\\\/2025\\\/08\\\/2.jpg\",\"datePublished\":\"2025-08-11T06:56:38+00:00\",\"dateModified\":\"2025-08-11T10:41:31+00:00\",\"breadcrumb\":{\"@id\":\"https:\\\/\\\/cafeblue.gr\\\/tr\\\/product\\\/ege-uzo-700-ml\\\/#breadcrumb\"},\"inLanguage\":\"el\",\"potentialAction\":[{\"@type\":\"ReadAction\",\"target\":[\"https:\\\/\\\/cafeblue.gr\\\/tr\\\/product\\\/ege-uzo-700-ml\\\/\"]}]},{\"@type\":\"ImageObject\",\"inLanguage\":\"el\",\"@id\":\"https:\\\/\\\/cafeblue.gr\\\/tr\\\/product\\\/ege-uzo-700-ml\\\/#primaryimage\",\"url\":\"https:\\\/\\\/cafeblue.gr\\\/tr\\\/wp-content\\\/uploads\\\/2025\\\/08\\\/2.jpg\",\"contentUrl\":\"https:\\\/\\\/cafeblue.gr\\\/tr\\\/wp-content\\\/uploads\\\/2025\\\/08\\\/2.jpg\",\"width\":900,\"height\":900},{\"@type\":\"BreadcrumbList\",\"@id\":\"https:\\\/\\\/cafeblue.gr\\\/tr\\\/product\\\/ege-uzo-700-ml\\\/#breadcrumb\",\"itemListElement\":[{\"@type\":\"ListItem\",\"position\":1,\"name\":\"\u0391\u03c1\u03c7\u03b9\u03ba\u03ae\",\"item\":\"https:\\\/\\\/cafeblue.gr\\\/tr\\\/\"},{\"@type\":\"ListItem\",\"position\":2,\"name\":\"\u039a\u03b1\u03c4\u03ac\u03c3\u03c4\u03b7\u03bc\u03b1\",\"item\":\"https:\\\/\\\/cafeblue.gr\\\/tr\\\/shop\\\/\"},{\"@type\":\"ListItem\",\"position\":3,\"name\":\"Ege Uzo 700 ml\"}]},{\"@type\":\"WebSite\",\"@id\":\"https:\\\/\\\/cafeblue.gr\\\/tr\\\/#website\",\"url\":\"https:\\\/\\\/cafeblue.gr\\\/tr\\\/\",\"name\":\"\",\"description\":\"\",\"potentialAction\":[{\"@type\":\"SearchAction\",\"target\":{\"@type\":\"EntryPoint\",\"urlTemplate\":\"https:\\\/\\\/cafeblue.gr\\\/tr\\\/?s={search_term_string}\"},\"query-input\":{\"@type\":\"PropertyValueSpecification\",\"valueRequired\":true,\"valueName\":\"search_term_string\"}}],\"inLanguage\":\"el\"}]}<\/script>\n<!-- \/ Yoast SEO plugin. -->","yoast_head_json":{"title":"Ege Uzo 700 ml -","robots":{"index":"index","follow":"follow","max-snippet":"max-snippet:-1","max-image-preview":"max-image-preview:large","max-video-preview":"max-video-preview:-1"},"canonical":"https:\/\/cafeblue.gr\/tr\/product\/ege-uzo-700-ml\/","og_locale":"el_GR","og_type":"article","og_title":"Ege Uzo 700 ml -","og_description":"Zaman i\u00e7inde de\u011fi\u015fmeyen, k\u0131ymetli bir hazine gibi saklad\u0131\u011f\u0131m\u0131z ve sizi ke\u015ffetmeye davet etti\u011fimiz, her yudumda \u00f6zg\u00fcnl\u00fc\u011fe d\u00f6n\u00fc\u015f anlam\u0131na gelen bir tarif. A\u00e7\u0131lan her \u015fi\u015fe, Ege&#8217;nin sofran\u0131za esintisi gibi havay\u0131 anason, baharat ve tuzluluk aromalar\u0131yla dolduruyor.","og_url":"https:\/\/cafeblue.gr\/tr\/product\/ege-uzo-700-ml\/","article_modified_time":"2025-08-11T10:41:31+00:00","og_image":[{"width":900,"height":900,"url":"https:\/\/cafeblue.gr\/tr\/wp-content\/uploads\/2025\/08\/2.jpg","type":"image\/jpeg"}],"twitter_card":"summary_large_image","twitter_misc":{"\u0395\u03ba\u03c4\u03b9\u03bc\u03ce\u03bc\u03b5\u03bd\u03bf\u03c2 \u03c7\u03c1\u03cc\u03bd\u03bf\u03c2 \u03b1\u03bd\u03ac\u03b3\u03bd\u03c9\u03c3\u03b7\u03c2":"1 \u03bb\u03b5\u03c0\u03c4\u03cc"},"schema":{"@context":"https:\/\/schema.org","@graph":[{"@type":"WebPage","@id":"https:\/\/cafeblue.gr\/tr\/product\/ege-uzo-700-ml\/","url":"https:\/\/cafeblue.gr\/tr\/product\/ege-uzo-700-ml\/","name":"Ege Uzo 700 ml -","isPartOf":{"@id":"https:\/\/cafeblue.gr\/tr\/#website"},"primaryImageOfPage":{"@id":"https:\/\/cafeblue.gr\/tr\/product\/ege-uzo-700-ml\/#primaryimage"},"image":{"@id":"https:\/\/cafeblue.gr\/tr\/product\/ege-uzo-700-ml\/#primaryimage"},"thumbnailUrl":"https:\/\/cafeblue.gr\/tr\/wp-content\/uploads\/2025\/08\/2.jpg","datePublished":"2025-08-11T06:56:38+00:00","dateModified":"2025-08-11T10:41:31+00:00","breadcrumb":{"@id":"https:\/\/cafeblue.gr\/tr\/product\/ege-uzo-700-ml\/#breadcrumb"},"inLanguage":"el","potentialAction":[{"@type":"ReadAction","target":["https:\/\/cafeblue.gr\/tr\/product\/ege-uzo-700-ml\/"]}]},{"@type":"ImageObject","inLanguage":"el","@id":"https:\/\/cafeblue.gr\/tr\/product\/ege-uzo-700-ml\/#primaryimage","url":"https:\/\/cafeblue.gr\/tr\/wp-content\/uploads\/2025\/08\/2.jpg","contentUrl":"https:\/\/cafeblue.gr\/tr\/wp-content\/uploads\/2025\/08\/2.jpg","width":900,"height":900},{"@type":"BreadcrumbList","@id":"https:\/\/cafeblue.gr\/tr\/product\/ege-uzo-700-ml\/#breadcrumb","itemListElement":[{"@type":"ListItem","position":1,"name":"\u0391\u03c1\u03c7\u03b9\u03ba\u03ae","item":"https:\/\/cafeblue.gr\/tr\/"},{"@type":"ListItem","position":2,"name":"\u039a\u03b1\u03c4\u03ac\u03c3\u03c4\u03b7\u03bc\u03b1","item":"https:\/\/cafeblue.gr\/tr\/shop\/"},{"@type":"ListItem","position":3,"name":"Ege Uzo 700 ml"}]},{"@type":"WebSite","@id":"https:\/\/cafeblue.gr\/tr\/#website","url":"https:\/\/cafeblue.gr\/tr\/","name":"","description":"","potentialAction":[{"@type":"SearchAction","target":{"@type":"EntryPoint","urlTemplate":"https:\/\/cafeblue.gr\/tr\/?s={search_term_string}"},"query-input":{"@type":"PropertyValueSpecification","valueRequired":true,"valueName":"search_term_string"}}],"inLanguage":"el"}]}},"_links":{"self":[{"href":"https:\/\/cafeblue.gr\/tr\/wp-json\/wp\/v2\/product\/265","targetHints":{"allow":["GET"]}}],"collection":[{"href":"https:\/\/cafeblue.gr\/tr\/wp-json\/wp\/v2\/product"}],"about":[{"href":"https:\/\/cafeblue.gr\/tr\/wp-json\/wp\/v2\/types\/product"}],"replies":[{"embeddable":true,"href":"https:\/\/cafeblue.gr\/tr\/wp-json\/wp\/v2\/comments?post=265"}],"wp:featuredmedia":[{"embeddable":true,"href":"https:\/\/cafeblue.gr\/tr\/wp-json\/wp\/v2\/media\/264"}],"wp:attachment":[{"href":"https:\/\/cafeblue.gr\/tr\/wp-json\/wp\/v2\/media?parent=265"}],"wp:term":[{"taxonomy":"product_brand","embeddable":true,"href":"https:\/\/cafeblue.gr\/tr\/wp-json\/wp\/v2\/product_brand?post=265"},{"taxonomy":"product_cat","embeddable":true,"href":"https:\/\/cafeblue.gr\/tr\/wp-json\/wp\/v2\/product_cat?post=265"},{"taxonomy":"product_tag","embeddable":true,"href":"https:\/\/cafeblue.gr\/tr\/wp-json\/wp\/v2\/product_tag?post=265"}],"curies":[{"name":"wp","href":"https:\/\/api.w.org\/{rel}","templated":true}]}}