{"id":147,"date":"2025-07-09T11:44:04","date_gmt":"2025-07-09T08:44:04","guid":{"rendered":"https:\/\/cafeblue.gr\/tr\/?page_id=147"},"modified":"2025-08-11T13:57:47","modified_gmt":"2025-08-11T10:57:47","slug":"kullanim-sartlari","status":"publish","type":"page","link":"https:\/\/cafeblue.gr\/tr\/kullanim-sartlari\/","title":{"rendered":"Kullan\u0131m \u015eartlar\u0131"},"content":{"rendered":"<div class=\"wpb-content-wrapper\"><p>[vc_row][vc_column][vc_column_text css=&#8221;&#8221;]<\/p>\n<p style=\"text-align: justify;\">www.cafeblue.gr, Pagani, Midilli, Midilli&#8217;de bulunan CAFE BLUE \u015firketinin internet \u00fczerinden \u00fcr\u00fcn te\u015fhir ve sat\u0131\u015f\u0131n\u0131 ger\u00e7ekle\u015ftirdi\u011fi online ma\u011fazas\u0131d\u0131r. Online ma\u011fazam\u0131za girmeden ve web sitemizde gezinmeden \u00f6nce, \u00f6zellikle www.cafeblue.gr adresinde bulunan CAFE BLUE \u015firketinin online ma\u011fazas\u0131n\u0131n kullan\u0131m\u0131 i\u00e7in ge\u00e7erli olan a\u015fa\u011f\u0131daki h\u00fck\u00fcm ve ko\u015fullar\u0131 incelemenizi \u00f6neririz.<br \/>\nYukar\u0131daki www.cafeblue.gr web sitesini kullanmaya devam etmeniz ve gezinmeniz, bunlara a\u00e7\u0131k ve ko\u015fulsuz onay\u0131n\u0131z\u0131 ve muvafakatinizi ifade etti\u011finden, a\u015fa\u011f\u0131daki h\u00fck\u00fcm ve ko\u015fullar\u0131 kabul etti\u011finizden emin olun.<\/p>\n<p style=\"text-align: justify;\"><strong>1. \u015eartlar<\/strong><br \/>\nCAFE BLUE, kendi ihtiya\u00e7lar\u0131 ve i\u015f eti\u011fi do\u011frultusunda, online ma\u011fazas\u0131 arac\u0131l\u0131\u011f\u0131yla yap\u0131lan i\u015flemlerin bu h\u00fck\u00fcm ve ko\u015fullar\u0131n\u0131 tek tarafl\u0131 olarak de\u011fi\u015ftirme veya yenileme hakk\u0131n\u0131 sakl\u0131 tutar. CAFE BLUE, bu online ma\u011fazan\u0131n web sitesi arac\u0131l\u0131\u011f\u0131yla kullan\u0131c\u0131lar\u0131 herhangi bir de\u011fi\u015fiklik ve d\u00fczenleme hakk\u0131nda bilgilendirmeyi taahh\u00fct eder. \u015eartlardaki de\u011fi\u015fikli\u011fin, daha \u00f6nce vermi\u015f oldu\u011funuz sipari\u015fleri etkilemedi\u011fi a\u00e7\u0131kt\u0131r.<\/p>\n<p style=\"text-align: justify;\"><strong>2. Sa\u011flanan Bilgiler ve \u00dcr\u00fcnler<\/strong><br \/>\nBu web sitesinin i\u00e7eri\u011fi tamamen bilgilendirme ama\u00e7l\u0131d\u0131r ve uluslararas\u0131 alanda tan\u0131nm\u0131\u015f kurulu\u015flardan ve sayg\u0131n kaynaklardan gelmektedir. \u0130\u00e7erisindeki bilgiler, doktorunuzun tavsiye veya talimatlar\u0131n\u0131n yerine ge\u00e7memelidir. Herhangi bir sa\u011fl\u0131k sorununuz varsa, size tedavi veya tavsiye verebilecek en yetkili doktorunuza ba\u015fvurmal\u0131s\u0131n\u0131z.<\/p>\n<p style=\"text-align: justify;\"><strong>3. Sorumlulu\u011fun S\u0131n\u0131rland\u0131r\u0131lmas\u0131<\/strong><br \/>\nCAFE BLUE, \u00fcr\u00fcnlerin bulunabilirli\u011fi konusunda herhangi bir garanti veremez, ancak son t\u00fcketicilere \u00fcr\u00fcnlerin bulunamamas\u0131 konusunda zaman\u0131nda bilgi verilmesini garanti eder.<br \/>\nCAFE BLUE, sipari\u015f edilen \u00fcr\u00fcnlerin teslimat\u0131nda gecikme olmas\u0131 durumunda ve web sitesi arac\u0131l\u0131\u011f\u0131yla sa\u011flad\u0131\u011f\u0131 bilgilerden veya hizmetlerden yaln\u0131zca kas\u0131t ve a\u011f\u0131r ihmalden sorumludur.<br \/>\nCAFE BLUE \u015firketinin \u00e7evrimi\u00e7i ma\u011fazas\u0131, kullan\u0131c\u0131lar\u0131n web sitesine eri\u015fmeye \u00e7al\u0131\u015f\u0131rken ve eri\u015fim s\u0131ras\u0131nda kar\u015f\u0131la\u015fabilecekleri ve kendi altyap\u0131lar\u0131n\u0131n web sitesinin kullan\u0131m\u0131yla uyumlu \u00e7al\u0131\u015fmas\u0131 veya uyumlulu\u011fuyla ilgili teknik sorunlardan sorumlu de\u011fildir. Ayr\u0131ca CAFE BLUE, \u00fc\u00e7\u00fcnc\u00fc ki\u015filerin eylem veya ihmallerinden ve \u00f6zellikle \u00fc\u00e7\u00fcnc\u00fc ki\u015filerin kendisi arac\u0131l\u0131\u011f\u0131yla eri\u015filebilen \u00fcr\u00fcn ve\/veya hizmetlere ve\/veya bilgilere yetkisiz m\u00fcdahalelerinden sorumlu de\u011fildir.<\/p>\n<p style=\"text-align: justify;\"><strong>4. Fikri M\u00fclkiyet Haklar\u0131<\/strong><br \/>\nwww.cafeblue.gr web sitesi, CAFE BLUE \u015firketinin resmi web sitesidir. Web sitelerinde yay\u0131nlanan g\u00f6rseller, grafikler, foto\u011fraflar, \u00e7izimler, metinler, sunulan hizmetler ve \u00fcr\u00fcnler dahil t\u00fcm i\u00e7erik, CAFE BLUE \u015firketinin fikri m\u00fclkiyetindedir ve Yunan hukuku, Avrupa hukuku ve uluslararas\u0131 s\u00f6zle\u015fmelerin ilgili h\u00fck\u00fcmleri uyar\u0131nca korunmaktad\u0131r.<br \/>\nHerhangi bir kopyalama, analog\/dijital kay\u0131t ve mekanik \u00e7o\u011faltma, da\u011f\u0131t\u0131m, aktar\u0131m, indirme, i\u015fleme, yeniden sat\u0131\u015f, t\u00fcrev \u00e7al\u0131\u015fmalar olu\u015fturma veya web sitelerinin \u0130\u00e7eri\u011finin ger\u00e7ek sa\u011flay\u0131c\u0131s\u0131 konusunda halk\u0131 yan\u0131ltma yasakt\u0131r. \u0130\u00e7eri\u011fin herhangi bir \u015fekilde veya ortamda ticari veya ba\u015fka ama\u00e7larla \u00e7o\u011falt\u0131lmas\u0131, yeniden yay\u0131nlanmas\u0131, y\u00fcklenmesi, duyurulmas\u0131, yay\u0131lmas\u0131 veya iletilmesi veya ba\u015fka herhangi bir \u015fekilde kullan\u0131lmas\u0131, yaln\u0131zca CAFE BLUE \u015firketinin veya yukar\u0131daki telif haklar\u0131n\u0131n herhangi bir yasal sahibinin \u00f6nceden yaz\u0131l\u0131 izniyle m\u00fcmk\u00fcnd\u00fcr. CAFE BLUE&#8217;yu ve\/veya \u00e7evrimi\u00e7i ma\u011fazas\u0131n\u0131 ve\/veya s\u00f6zle\u015fmeli \u00fc\u00e7\u00fcnc\u00fc taraflar\u0131 ve\/veya \u00fcr\u00fcn veya hizmetlerini temsil eden adlar, g\u00f6rseller, logolar ve ay\u0131rt edici \u00f6zellikler, CAFE BLUE \u015firketinin ve\/veya www.cafeblue.gr&#8217;nin ve\/veya yukar\u0131da ad\u0131 ge\u00e7en \u00fc\u00e7\u00fcnc\u00fc taraflar\u0131n m\u00fcnhas\u0131r ticari markalar\u0131 ve ay\u0131rt edici \u00f6zellikleridir ve ticari markalar, s\u0131nai ve fikri m\u00fclkiyet haklar\u0131 ile haks\u0131z rekabete ili\u015fkin Yunan, Topluluk ve uluslararas\u0131 yasalarca korunmaktad\u0131r.<br \/>\nHer hal\u00fckarda, bunlar\u0131n www.cafeblue.gr web sitelerinde g\u00f6r\u00fcnt\u00fclenmesi ve yay\u0131nlanmas\u0131 hi\u00e7bir \u015fekilde bir lisans\u0131n veya kullan\u0131m hakk\u0131n\u0131n devri veya temliki olarak yorumlanmamal\u0131d\u0131r.<\/p>\n<p style=\"text-align: justify;\"><strong>5. Kullan\u0131c\u0131 Y\u00fck\u00fcml\u00fcl\u00fckleri<\/strong><br \/>\nwww.cafeblue.gr web sitelerinin kullan\u0131c\u0131lar\u0131, yasa d\u0131\u015f\u0131, zararl\u0131, tehdit edici, sald\u0131rgan, taciz edici, iftira niteli\u011finde, karalay\u0131c\u0131, kaba, m\u00fcstehcen, iftira niteli\u011finde, ba\u015fkalar\u0131n\u0131n mahremiyetini ihlal eden, empati g\u00f6steren veya \u0131rksal, ulusal veya ba\u015fka bir ayr\u0131mc\u0131l\u0131k ifade eden, k\u00fc\u00e7\u00fcklere herhangi bir \u015fekilde zarar verebilecek, yasalara veya s\u00f6zle\u015fmesel veya y\u00f6netimsel ili\u015fkilere (i\u015f ili\u015fkilerinin bir par\u00e7as\u0131 olarak edinilen veya if\u015fa edilen veya gizlilik s\u00f6zle\u015fmeleri kapsam\u0131ndaki dahili bilgiler, \u00f6zel ve gizli bilgiler gibi) uygun olarak iletilemeyen, \u00fc\u00e7\u00fcnc\u00fc \u015fah\u0131slar\u0131n herhangi bir patentini, ticari markas\u0131n\u0131, ticari s\u0131rr\u0131n\u0131, telif hakk\u0131n\u0131 veya di\u011fer m\u00fclkiyet haklar\u0131n\u0131 ihlal eden, yaz\u0131l\u0131m vir\u00fcsleri veya herhangi bir yaz\u0131l\u0131m veya bilgisayar donan\u0131m\u0131n\u0131n \u00e7al\u0131\u015fmas\u0131n\u0131 kesintiye u\u011fratmak, hasar vermek, yok etmek veya engellemek i\u00e7in tasarlanm\u0131\u015f di\u011fer kodlar, dosyalar veya programlar i\u00e7eren, y\u00fcr\u00fcrl\u00fckteki Yunan ve AB mevzuat\u0131 ve h\u00fck\u00fcmleri, \u00fc\u00e7\u00fcnc\u00fc taraflar\u0131 herhangi bir \u015fekilde taciz edebilir ve herhangi bir i\u00e7erik, kullan\u0131c\u0131lar\u0131n ki\u015fisel verilerini toplamak veya saklamak i\u00e7in kullan\u0131labilir.<\/p>\n<p style=\"text-align: justify;\"><strong>6. G\u00fcvenlik<\/strong><br \/>\nCAFE BLUE, Ki\u015fisel Verilerinizin ve elektronik i\u015flemlerinizin g\u00fcvenli\u011finin \u00f6neminin fark\u0131ndad\u0131r ve m\u00fcmk\u00fcn olan en y\u00fcksek g\u00fcvenli\u011fi sa\u011flamak i\u00e7in en modern ve geli\u015fmi\u015f y\u00f6ntemlerle gerekli t\u00fcm \u00f6nlemleri almaktad\u0131r. Ki\u015fisel bilgileriniz ve i\u015flemlerinizle ilgili t\u00fcm bilgiler g\u00fcvenli ve gizlidir. CAFE BLUE Online Ma\u011fazas\u0131&#8217;n\u0131n g\u00fcvenli\u011fi a\u015fa\u011f\u0131daki y\u00f6ntemlerle sa\u011flan\u0131r:<br \/>\nM\u00fc\u015fteri Tan\u0131mlama<br \/>\nKimli\u011finizi belirlemek i\u00e7in kullan\u0131lan iki kod vard\u0131r: Giri\u015f Kodu (e-posta veya kullan\u0131c\u0131 ad\u0131) ve Ki\u015fisel Gizli G\u00fcvenlik Kodu (\u015fifre). Bu kodlar\u0131 her girdi\u011finizde ki\u015fisel bilgilerinize kesinlikle g\u00fcvenli bir \u015fekilde eri\u015fmenizi sa\u011flar.<br \/>\nKi\u015fisel Gizli G\u00fcvenlik Kodunuzu (\u015fifre) ve e-posta adresinizi (e-posta) istedi\u011finiz s\u0131kl\u0131kta de\u011fi\u015ftirme olana\u011f\u0131n\u0131z vard\u0131r. Yukar\u0131daki kodlar arac\u0131l\u0131\u011f\u0131yla bilgilerinize yaln\u0131zca siz eri\u015febilirsiniz ve gizlili\u011fini korumak ve \u00fc\u00e7\u00fcnc\u00fc taraflardan gizlemek sizin sorumlulu\u011funuzdad\u0131r. Kay\u0131p veya s\u0131z\u0131nt\u0131 durumunda derhal bizi bilgilendirmelisiniz; aksi takdirde CAFE BLUE online ma\u011fazas\u0131, gizli kodun yetkisiz ki\u015filer taraf\u0131ndan kullan\u0131lmas\u0131ndan sorumlu tutulamaz. G\u00fcvenlik nedeniyle, \u015fifrenizi d\u00fczenli aral\u0131klarla de\u011fi\u015ftirmenizi ve ayn\u0131 ve kolayca tespit edilebilen kodlar\u0131 (\u00f6rne\u011fin do\u011fum tarihi) kullanmaktan ka\u00e7\u0131nman\u0131z\u0131 \u00f6neririz. Ayr\u0131ca, yaln\u0131zca harf ve rakamlar\u0131 de\u011fil, sembolleri de kullanman\u0131z\u0131 ve \u015fifreler olu\u015fturman\u0131z\u0131 \u00f6neririz.<\/p>\n<p style=\"text-align: justify;\"><strong>7. \u00dcr\u00fcn Sat\u0131n Alma<\/strong><br \/>\nCAFE BLUE, y\u00fcksek kaliteli hizmet sunmak i\u00e7in her t\u00fcrl\u00fc \u00e7abay\u0131 g\u00f6stermektedir. Ancak, fiyatlarda ve ikincil \u00fcr\u00fcn \u00f6zelliklerinde hata olma ihtimali g\u00f6z ard\u0131 edilemez ve bir \u00fcr\u00fcn\u00fcn fiyat\u0131 g\u00fcncellenirken\/belirtilirken web sitesinde herhangi bir kesinti veya &#8220;insan&#8221; hatas\u0131 olmayaca\u011f\u0131 garanti edilemez. Sat\u0131n al\u0131mlar\u0131n\u0131z\u0131n g\u00fcvenli\u011fi ve verimlili\u011fi i\u00e7in, bir \u00fcr\u00fcn\u00fcn piyasa de\u011ferine g\u00f6re al\u0131\u015f\u0131lmad\u0131k derecede d\u00fc\u015f\u00fck veya y\u00fcksek bir fiyata sunuldu\u011funu tespit ederseniz, sipari\u015finize devam etmeden \u00f6nce l\u00fctfen 22510 22222 numaral\u0131 telefondan veya web sitesinin e-posta formu arac\u0131l\u0131\u011f\u0131yla bizimle ileti\u015fime ge\u00e7in.<br \/>\nSipari\u015finizi verdi\u011finizde, sipari\u015finizin ayr\u0131nt\u0131lar\u0131n\u0131 i\u00e7eren otomatik bir e-posta alacaks\u0131n\u0131z. Sipari\u015finiz CAFE BLUE&#8217;nun online al\u0131\u015fveri\u015f departman\u0131 taraf\u0131ndan i\u015flendikten sonra, size g\u00f6nderilecek \u00fcr\u00fcnleri i\u00e7eren ikinci bir onay e-postas\u0131 alacaks\u0131n\u0131z.<br \/>\nSipari\u015finiz devam ederken, sipari\u015finizin ilerleyi\u015fini bildiren bir dizi otomatik e-posta alacaks\u0131n\u0131z. Bu mesajlar a\u015fa\u011f\u0131daki ad\u0131mlar\u0131 i\u00e7erir:<br \/>\nSipari\u015f i\u015fleme: Sipari\u015finiz, firmam\u0131z\u0131n bir i\u015f orta\u011f\u0131 taraf\u0131ndan do\u011frulu\u011funu kontrol etmek \u00fczere teslim al\u0131nd\u0131\u011f\u0131nda.<br \/>\nFaturaland\u0131rma: Sipari\u015finizdeki \u00fcr\u00fcnler teslim al\u0131nm\u0131\u015f ve bulundu\u011funuz yere g\u00f6nderilmi\u015ftir.<br \/>\nMa\u011fazadan al\u0131nd\u0131: Bu, sipari\u015finizin se\u00e7ti\u011finiz ma\u011fazadan teslim al\u0131nd\u0131\u011f\u0131n\u0131 ve \u00fcr\u00fcnlerinizin bekledi\u011fini teyit eder.<br \/>\nSipari\u015finizle ilgili herhangi bir sorun olmas\u0131 durumunda, size ilgili bir e-posta g\u00f6nderilecektir. Alternatif olarak, cafeblue&#8217;muza kaydolurken veya sipari\u015f verirken bize verdi\u011finiz telefon numaralar\u0131ndan sizinle ileti\u015fime ge\u00e7ece\u011fiz.<br \/>\nBu web sitesinin i\u00e7eri\u011fi tamamen bilgilendirme ama\u00e7l\u0131d\u0131r ve uluslararas\u0131 alanda tan\u0131nm\u0131\u015f kurulu\u015flardan ve sayg\u0131n kaynaklardan gelmektedir. \u0130\u00e7erisindeki bilgiler, doktorunuzun tavsiye veya talimatlar\u0131n\u0131n yerine ge\u00e7memelidir. Herhangi bir sa\u011fl\u0131k sorununuz varsa, size tedavi veya tavsiye verebilecek en yetkili ki\u015fi olan doktorunuzla ileti\u015fime ge\u00e7melisiniz.<\/p>\n<p>[\/vc_column_text][\/vc_column][\/vc_row]<\/p>\n<\/div>","protected":false},"excerpt":{"rendered":"<p>[vc_row][vc_column][vc_column_text css=&#8221;&#8221;] www.cafeblue.gr, Pagani, Midilli, Midilli&#8217;de bulunan CAFE BLUE \u015firketinin internet \u00fczerinden \u00fcr\u00fcn te\u015fhir ve sat\u0131\u015f\u0131n\u0131 ger\u00e7ekle\u015ftirdi\u011fi online ma\u011fazas\u0131d\u0131r. Online ma\u011fazam\u0131za girmeden ve web sitemizde gezinmeden \u00f6nce, \u00f6zellikle www.cafeblue.gr adresinde bulunan CAFE BLUE \u015firketinin online ma\u011fazas\u0131n\u0131n kullan\u0131m\u0131 i\u00e7in ge\u00e7erli olan a\u015fa\u011f\u0131daki h\u00fck\u00fcm ve ko\u015fullar\u0131 incelemenizi \u00f6neririz. Yukar\u0131daki www.cafeblue.gr web sitesini kullanmaya devam etmeniz ve gezinmeniz,&hellip;<\/p>\n","protected":false},"author":1,"featured_media":0,"parent":0,"menu_order":0,"comment_status":"closed","ping_status":"closed","template":"","meta":{"footnotes":""},"class_list":["post-147","page","type-page","status-publish","hentry","description-off"],"yoast_head":"<!-- This site is optimized with the Yoast SEO plugin v27.3 - https:\/\/yoast.com\/product\/yoast-seo-wordpress\/ -->\n<title>Kullan\u0131m \u015eartlar\u0131 -<\/title>\n<meta name=\"robots\" content=\"index, follow, max-snippet:-1, max-image-preview:large, max-video-preview:-1\" \/>\n<link rel=\"canonical\" href=\"https:\/\/cafeblue.gr\/tr\/kullanim-sartlari\/\" \/>\n<meta property=\"og:locale\" content=\"el_GR\" \/>\n<meta property=\"og:type\" content=\"article\" \/>\n<meta property=\"og:title\" content=\"Kullan\u0131m \u015eartlar\u0131 -\" \/>\n<meta property=\"og:description\" content=\"[vc_row][vc_column][vc_column_text css=&#8221;&#8221;] www.cafeblue.gr, Pagani, Midilli, Midilli&#8217;de bulunan CAFE BLUE \u015firketinin internet \u00fczerinden \u00fcr\u00fcn te\u015fhir ve sat\u0131\u015f\u0131n\u0131 ger\u00e7ekle\u015ftirdi\u011fi online ma\u011fazas\u0131d\u0131r. Online ma\u011fazam\u0131za girmeden ve web sitemizde gezinmeden \u00f6nce, \u00f6zellikle www.cafeblue.gr adresinde bulunan CAFE BLUE \u015firketinin online ma\u011fazas\u0131n\u0131n kullan\u0131m\u0131 i\u00e7in ge\u00e7erli olan a\u015fa\u011f\u0131daki h\u00fck\u00fcm ve ko\u015fullar\u0131 incelemenizi \u00f6neririz. Yukar\u0131daki www.cafeblue.gr web sitesini kullanmaya devam etmeniz ve gezinmeniz,&hellip;\" \/>\n<meta property=\"og:url\" content=\"https:\/\/cafeblue.gr\/tr\/kullanim-sartlari\/\" \/>\n<meta property=\"article:modified_time\" content=\"2025-08-11T10:57:47+00:00\" \/>\n<meta name=\"twitter:card\" content=\"summary_large_image\" \/>\n<meta name=\"twitter:label1\" content=\"\u0395\u03ba\u03c4\u03b9\u03bc\u03ce\u03bc\u03b5\u03bd\u03bf\u03c2 \u03c7\u03c1\u03cc\u03bd\u03bf\u03c2 \u03b1\u03bd\u03ac\u03b3\u03bd\u03c9\u03c3\u03b7\u03c2\" \/>\n\t<meta name=\"twitter:data1\" content=\"6 \u03bb\u03b5\u03c0\u03c4\u03ac\" \/>\n<script type=\"application\/ld+json\" class=\"yoast-schema-graph\">{\"@context\":\"https:\\\/\\\/schema.org\",\"@graph\":[{\"@type\":\"WebPage\",\"@id\":\"https:\\\/\\\/cafeblue.gr\\\/tr\\\/kullanim-sartlari\\\/\",\"url\":\"https:\\\/\\\/cafeblue.gr\\\/tr\\\/kullanim-sartlari\\\/\",\"name\":\"Kullan\u0131m \u015eartlar\u0131 -\",\"isPartOf\":{\"@id\":\"https:\\\/\\\/cafeblue.gr\\\/tr\\\/#website\"},\"datePublished\":\"2025-07-09T08:44:04+00:00\",\"dateModified\":\"2025-08-11T10:57:47+00:00\",\"breadcrumb\":{\"@id\":\"https:\\\/\\\/cafeblue.gr\\\/tr\\\/kullanim-sartlari\\\/#breadcrumb\"},\"inLanguage\":\"el\",\"potentialAction\":[{\"@type\":\"ReadAction\",\"target\":[\"https:\\\/\\\/cafeblue.gr\\\/tr\\\/kullanim-sartlari\\\/\"]}]},{\"@type\":\"BreadcrumbList\",\"@id\":\"https:\\\/\\\/cafeblue.gr\\\/tr\\\/kullanim-sartlari\\\/#breadcrumb\",\"itemListElement\":[{\"@type\":\"ListItem\",\"position\":1,\"name\":\"\u0391\u03c1\u03c7\u03b9\u03ba\u03ae\",\"item\":\"https:\\\/\\\/cafeblue.gr\\\/tr\\\/\"},{\"@type\":\"ListItem\",\"position\":2,\"name\":\"Kullan\u0131m \u015eartlar\u0131\"}]},{\"@type\":\"WebSite\",\"@id\":\"https:\\\/\\\/cafeblue.gr\\\/tr\\\/#website\",\"url\":\"https:\\\/\\\/cafeblue.gr\\\/tr\\\/\",\"name\":\"\",\"description\":\"\",\"potentialAction\":[{\"@type\":\"SearchAction\",\"target\":{\"@type\":\"EntryPoint\",\"urlTemplate\":\"https:\\\/\\\/cafeblue.gr\\\/tr\\\/?s={search_term_string}\"},\"query-input\":{\"@type\":\"PropertyValueSpecification\",\"valueRequired\":true,\"valueName\":\"search_term_string\"}}],\"inLanguage\":\"el\"}]}<\/script>\n<!-- \/ Yoast SEO plugin. -->","yoast_head_json":{"title":"Kullan\u0131m \u015eartlar\u0131 -","robots":{"index":"index","follow":"follow","max-snippet":"max-snippet:-1","max-image-preview":"max-image-preview:large","max-video-preview":"max-video-preview:-1"},"canonical":"https:\/\/cafeblue.gr\/tr\/kullanim-sartlari\/","og_locale":"el_GR","og_type":"article","og_title":"Kullan\u0131m \u015eartlar\u0131 -","og_description":"[vc_row][vc_column][vc_column_text css=&#8221;&#8221;] www.cafeblue.gr, Pagani, Midilli, Midilli&#8217;de bulunan CAFE BLUE \u015firketinin internet \u00fczerinden \u00fcr\u00fcn te\u015fhir ve sat\u0131\u015f\u0131n\u0131 ger\u00e7ekle\u015ftirdi\u011fi online ma\u011fazas\u0131d\u0131r. Online ma\u011fazam\u0131za girmeden ve web sitemizde gezinmeden \u00f6nce, \u00f6zellikle www.cafeblue.gr adresinde bulunan CAFE BLUE \u015firketinin online ma\u011fazas\u0131n\u0131n kullan\u0131m\u0131 i\u00e7in ge\u00e7erli olan a\u015fa\u011f\u0131daki h\u00fck\u00fcm ve ko\u015fullar\u0131 incelemenizi \u00f6neririz. Yukar\u0131daki www.cafeblue.gr web sitesini kullanmaya devam etmeniz ve gezinmeniz,&hellip;","og_url":"https:\/\/cafeblue.gr\/tr\/kullanim-sartlari\/","article_modified_time":"2025-08-11T10:57:47+00:00","twitter_card":"summary_large_image","twitter_misc":{"\u0395\u03ba\u03c4\u03b9\u03bc\u03ce\u03bc\u03b5\u03bd\u03bf\u03c2 \u03c7\u03c1\u03cc\u03bd\u03bf\u03c2 \u03b1\u03bd\u03ac\u03b3\u03bd\u03c9\u03c3\u03b7\u03c2":"6 \u03bb\u03b5\u03c0\u03c4\u03ac"},"schema":{"@context":"https:\/\/schema.org","@graph":[{"@type":"WebPage","@id":"https:\/\/cafeblue.gr\/tr\/kullanim-sartlari\/","url":"https:\/\/cafeblue.gr\/tr\/kullanim-sartlari\/","name":"Kullan\u0131m \u015eartlar\u0131 -","isPartOf":{"@id":"https:\/\/cafeblue.gr\/tr\/#website"},"datePublished":"2025-07-09T08:44:04+00:00","dateModified":"2025-08-11T10:57:47+00:00","breadcrumb":{"@id":"https:\/\/cafeblue.gr\/tr\/kullanim-sartlari\/#breadcrumb"},"inLanguage":"el","potentialAction":[{"@type":"ReadAction","target":["https:\/\/cafeblue.gr\/tr\/kullanim-sartlari\/"]}]},{"@type":"BreadcrumbList","@id":"https:\/\/cafeblue.gr\/tr\/kullanim-sartlari\/#breadcrumb","itemListElement":[{"@type":"ListItem","position":1,"name":"\u0391\u03c1\u03c7\u03b9\u03ba\u03ae","item":"https:\/\/cafeblue.gr\/tr\/"},{"@type":"ListItem","position":2,"name":"Kullan\u0131m \u015eartlar\u0131"}]},{"@type":"WebSite","@id":"https:\/\/cafeblue.gr\/tr\/#website","url":"https:\/\/cafeblue.gr\/tr\/","name":"","description":"","potentialAction":[{"@type":"SearchAction","target":{"@type":"EntryPoint","urlTemplate":"https:\/\/cafeblue.gr\/tr\/?s={search_term_string}"},"query-input":{"@type":"PropertyValueSpecification","valueRequired":true,"valueName":"search_term_string"}}],"inLanguage":"el"}]}},"_links":{"self":[{"href":"https:\/\/cafeblue.gr\/tr\/wp-json\/wp\/v2\/pages\/147","targetHints":{"allow":["GET"]}}],"collection":[{"href":"https:\/\/cafeblue.gr\/tr\/wp-json\/wp\/v2\/pages"}],"about":[{"href":"https:\/\/cafeblue.gr\/tr\/wp-json\/wp\/v2\/types\/page"}],"author":[{"embeddable":true,"href":"https:\/\/cafeblue.gr\/tr\/wp-json\/wp\/v2\/users\/1"}],"replies":[{"embeddable":true,"href":"https:\/\/cafeblue.gr\/tr\/wp-json\/wp\/v2\/comments?post=147"}],"version-history":[{"count":5,"href":"https:\/\/cafeblue.gr\/tr\/wp-json\/wp\/v2\/pages\/147\/revisions"}],"predecessor-version":[{"id":310,"href":"https:\/\/cafeblue.gr\/tr\/wp-json\/wp\/v2\/pages\/147\/revisions\/310"}],"wp:attachment":[{"href":"https:\/\/cafeblue.gr\/tr\/wp-json\/wp\/v2\/media?parent=147"}],"curies":[{"name":"wp","href":"https:\/\/api.w.org\/{rel}","templated":true}]}}